{"id":40,"date":"2018-10-24T16:36:07","date_gmt":"2018-10-24T16:36:07","guid":{"rendered":"http:\/\/detlevwjschwarzer.de\/?page_id=40"},"modified":"2018-12-06T17:13:18","modified_gmt":"2018-12-06T17:13:18","slug":"kuenstlerische-fotografie","status":"publish","type":"page","link":"https:\/\/detlevwjschwarzer.de\/?page_id=40","title":{"rendered":"k\u00fcnstlerische Fotografie"},"content":{"rendered":"<p>&nbsp;<\/p>\n<p style=\"text-align: center;\"><div class=\"rl-gallery-container rl-loading\" id=\"rl-gallery-container-1\" data-gallery_id=\"1441\"> <div class=\"rl-gallery rl-basicgrid-gallery \" id=\"rl-gallery-1\" data-gallery_no=\"1\"> <div class=\"rl-gallery-item\"><a href=\"https:\/\/detlevwjschwarzer.de\/wp-content\/uploads\/2018\/12\/Foto-003-1978.jpg\" title=\"\" data-rl_title=\"\" class=\"rl-gallery-link\" data-rl_caption=\"\" data-rel=\"lightbox-gallery-1\"><img loading=\"lazy\" decoding=\"async\" src=\"https:\/\/detlevwjschwarzer.de\/wp-content\/uploads\/2018\/12\/Foto-003-1978-189x300.jpg\" width=\"189\" height=\"300\" alt=\"\"\/><\/a><\/div><div class=\"rl-gallery-item\"><a href=\"https:\/\/detlevwjschwarzer.de\/wp-content\/uploads\/2018\/12\/Foto-004-1986.jpg\" title=\"\" data-rl_title=\"\" class=\"rl-gallery-link\" data-rl_caption=\"\" data-rel=\"lightbox-gallery-1\"><img loading=\"lazy\" decoding=\"async\" src=\"https:\/\/detlevwjschwarzer.de\/wp-content\/uploads\/2018\/12\/Foto-004-1986-212x300.jpg\" width=\"212\" height=\"300\" alt=\"\"\/><\/a><\/div><div class=\"rl-gallery-item\"><a href=\"https:\/\/detlevwjschwarzer.de\/wp-content\/uploads\/2018\/12\/Foto-005-2006.jpg\" title=\"\" data-rl_title=\"\" class=\"rl-gallery-link\" data-rl_caption=\"\" data-rel=\"lightbox-gallery-1\"><img loading=\"lazy\" decoding=\"async\" src=\"https:\/\/detlevwjschwarzer.de\/wp-content\/uploads\/2018\/12\/Foto-005-2006-207x300.jpg\" width=\"207\" height=\"300\" alt=\"\"\/><\/a><\/div><div class=\"rl-gallery-item\"><a href=\"https:\/\/detlevwjschwarzer.de\/wp-content\/uploads\/2018\/12\/Foto-006-2016.jpg\" title=\"\" data-rl_title=\"\" class=\"rl-gallery-link\" data-rl_caption=\"\" data-rel=\"lightbox-gallery-1\"><img loading=\"lazy\" decoding=\"async\" src=\"https:\/\/detlevwjschwarzer.de\/wp-content\/uploads\/2018\/12\/Foto-006-2016-300x272.jpg\" width=\"300\" height=\"272\" alt=\"\"\/><\/a><\/div> <\/div> <\/div><\/p>\n<p>&nbsp;<\/p>\n<p>Mit acht Jahren begann ich zu fotografieren. Meine Mutter, die als S\u00e4ngerin selbst K\u00fcnstlerin war, erkannte meine k\u00fcnstlerischen Begabungen. Sie schenkte mir, im entbehrungsreichen Fl\u00fcchtlingsdasein, eine Agfabox. Somit wurde ich auch zum Familienfotografen.<\/p>\n<p>Mit zehn Jahren entstand &#8211; aus meiner Sicht &#8211; das erste k\u00fcnstlerische Foto<span class=\"Apple-converted-space\">&nbsp; <\/span>&#8222;Fl\u00fcchtlingszimmer&#8220; und &#8222;Kloster Weltenburg&#8220; mit zw\u00f6lf Jahren!<\/p>\n<p>Nun fotografiere ich schon (im Jahre 2018) seit zweiundsiebzig Jahren und meine Kamera ist mein \u201cdrittes Auge\u201d. Und ich bin der \u201cFotograf der Stille\u201d, weil ich stille Motive bevorzuge, oft ohne Menschen, obwohl ich den Menschen als Einzelindividium liebe. Und au\u00dferdem bin der \u201cFotograf in der Stille\u201d, weil ich bisher nicht in die Breite \u00d6ffentlichkeit gegangen bin. Bin auch der \u201cVedutenmaler\u201d mit der Kamera.<\/p>\n<p>Habe mich von den g\u00e4ngigen Fotoformaten entfernt und hebe diese zugunsten der Motive auf. Bevorzuge auch das Querformat, besonders auch das Format als Panoramabilder (Horizonte), weil das menschliche Auge auch so sieht. Urspr\u00fcnglich habe ich auch die analoge der digitalen Fotografie vorgezogen. Die technischen M\u00f6glichkeiten der digitalen Kamera arbeite, da\u00df ich die Fotos Einscannen und in Ordner verteilen kann. Au\u00dferdem hilft mir ein Fotobearbeitungsprogramm, Aufnahmen gerade zu stellen, die Helligkeit anzupassen oder diese farbliche zu korrigieren. Aber ich verf\u00e4lsche keine Aufnahmen. Auch bediene ich mich keiner gestellten Aufnahmen. Ich halte fest, was ich so sehe. Meine Fotos sind eingefrorene Momente.<\/p>\n<p>Und ich geniesse zus\u00e4tzlich die M\u00f6glichkeit, Fotos in unterschiedlichen Formanten ausdrucken zu k\u00f6nnen bis hin zum \u00dcberformat DIN A3. Wobei immer, um die Motive nicht zu beschneiden, das Ausdrucken mit Rand vorgenommen werden muss.<span class=\"Apple-converted-space\">&nbsp;<\/span><\/p>\n<p style=\"text-align: center;\"><div class=\"rl-gallery-container rl-loading\" id=\"rl-gallery-container-2\" data-gallery_id=\"1911\"> <div class=\"rl-gallery rl-basicgrid-gallery \" id=\"rl-gallery-2\" data-gallery_no=\"2\"> <div class=\"rl-gallery-item\"><a href=\"https:\/\/detlevwjschwarzer.de\/wp-content\/uploads\/2018\/12\/Foto-002.jpg\" title=\"\" data-rl_title=\"\" class=\"rl-gallery-link\" data-rl_caption=\"\" data-rel=\"lightbox-gallery-2\"><img loading=\"lazy\" decoding=\"async\" src=\"https:\/\/detlevwjschwarzer.de\/wp-content\/uploads\/2018\/12\/Foto-002-203x300.jpg\" width=\"203\" height=\"300\" alt=\"\"\/><\/a><\/div> <\/div> <\/div><\/p>\n<p>Jetzt in der Mitte des Jahres Zwotausendachtzehn &#8211; in dem ich meine HOMPAGE erstelle &#8211; ergab eine \u00fcberschw\u00e4ngliche Z\u00e4hlung der Fotos 30.400 und 40.600 digitale Fotos also zusammen<span class=\"Apple-converted-space\">&nbsp;<\/span>etwa 71.000 Fotos.<\/p>\n<p>&nbsp;<\/p>\n<p>Fotografien: &nbsp; &nbsp; &nbsp; &nbsp; &nbsp;<a href=\"http:\/\/detlevwjschwarzer.de\/?page_id=1456\">1948-1980<\/a>&nbsp; &nbsp;&nbsp; &nbsp; &nbsp; &nbsp;<a href=\"http:\/\/detlevwjschwarzer.de\/?page_id=1458\">1981-2000<\/a>&nbsp; &nbsp; &nbsp; &nbsp; &nbsp; <a href=\"http:\/\/detlevwjschwarzer.de\/?page_id=1460\">2001-2010<\/a>&nbsp; &nbsp; &nbsp; &nbsp; &nbsp; <a href=\"http:\/\/detlevwjschwarzer.de\/?page_id=1462\">2011-heute<\/a>&nbsp;&nbsp;<\/p>\n<p style=\"text-align: center;\">&nbsp;<\/p>\n","protected":false},"excerpt":{"rendered":"<p>&nbsp; &nbsp; Mit acht Jahren begann ich zu fotografieren. Meine Mutter, die als S\u00e4ngerin selbst K\u00fcnstlerin war, erkannte meine k\u00fcnstlerischen Begabungen. Sie schenkte mir, im entbehrungsreichen Fl\u00fcchtlingsdasein, eine Agfabox. Somit wurde ich auch zum Familienfotografen. Mit zehn Jahren entstand &#8211; aus meiner Sicht &#8211; das erste k\u00fcnstlerische Foto&nbsp; &#8222;Fl\u00fcchtlingszimmer&#8220; und &#8222;Kloster Weltenburg&#8220; mit zw\u00f6lf Jahren!&hellip;<\/p>\n","protected":false},"author":1,"featured_media":0,"parent":0,"menu_order":0,"comment_status":"closed","ping_status":"closed","template":"","meta":{"ngg_post_thumbnail":0,"footnotes":""},"_links":{"self":[{"href":"https:\/\/detlevwjschwarzer.de\/index.php?rest_route=\/wp\/v2\/pages\/40"}],"collection":[{"href":"https:\/\/detlevwjschwarzer.de\/index.php?rest_route=\/wp\/v2\/pages"}],"about":[{"href":"https:\/\/detlevwjschwarzer.de\/index.php?rest_route=\/wp\/v2\/types\/page"}],"author":[{"embeddable":true,"href":"https:\/\/detlevwjschwarzer.de\/index.php?rest_route=\/wp\/v2\/users\/1"}],"replies":[{"embeddable":true,"href":"https:\/\/detlevwjschwarzer.de\/index.php?rest_route=%2Fwp%2Fv2%2Fcomments&post=40"}],"version-history":[{"count":24,"href":"https:\/\/detlevwjschwarzer.de\/index.php?rest_route=\/wp\/v2\/pages\/40\/revisions"}],"predecessor-version":[{"id":1471,"href":"https:\/\/detlevwjschwarzer.de\/index.php?rest_route=\/wp\/v2\/pages\/40\/revisions\/1471"}],"wp:attachment":[{"href":"https:\/\/detlevwjschwarzer.de\/index.php?rest_route=%2Fwp%2Fv2%2Fmedia&parent=40"}],"curies":[{"name":"wp","href":"https:\/\/api.w.org\/{rel}","templated":true}]}}